{"id":1139,"date":"2023-12-15T10:00:25","date_gmt":"2023-12-15T09:00:25","guid":{"rendered":"https:\/\/meteo-montblanc.com\/our-services\/"},"modified":"2024-05-27T11:34:38","modified_gmt":"2024-05-27T09:34:38","slug":"our-services","status":"publish","type":"page","link":"https:\/\/meteo-montblanc.com\/en\/our-services\/","title":{"rendered":"Our services"},"content":{"rendered":"\t\t<div data-elementor-type=\"wp-page\" data-elementor-id=\"1139\" class=\"elementor elementor-1139 elementor-131\" data-elementor-post-type=\"page\">\n\t\t\t\t<div class=\"elementor-element elementor-element-2ad6ee36 e-con-full e-flex e-con e-parent\" data-id=\"2ad6ee36\" data-element_type=\"container\">\n\t\t<div class=\"elementor-element elementor-element-3fe329d7 e-con-full e-flex e-con e-child\" data-id=\"3fe329d7\" data-element_type=\"container\">\n\t\t\t\t<div class=\"elementor-element elementor-element-442fdf01 elementor-widget elementor-widget-heading\" data-id=\"442fdf01\" data-element_type=\"widget\" data-widget_type=\"heading.default\">\n\t\t\t\t<div class=\"elementor-widget-container\">\n\t\t\t<h1 class=\"elementor-heading-title elementor-size-default\">Our services<\/h1>\t\t<\/div>\n\t\t\t\t<\/div>\n\t\t\t\t<\/div>\n\t\t\t\t<\/div>\n\t\t<div class=\"elementor-element elementor-element-c4180ed e-flex e-con-boxed e-con e-parent\" data-id=\"c4180ed\" data-element_type=\"container\">\n\t\t\t\t\t<div class=\"e-con-inner\">\n\t\t<div class=\"elementor-element elementor-element-76800ec e-con-full e-flex e-con e-child\" data-id=\"76800ec\" data-element_type=\"container\">\n\t\t\t\t<div class=\"elementor-element elementor-element-01f67a3 elementor-widget elementor-widget-heading\" data-id=\"01f67a3\" data-element_type=\"widget\" data-widget_type=\"heading.default\">\n\t\t\t\t<div class=\"elementor-widget-container\">\n\t\t\t<h2 class=\"elementor-heading-title elementor-size-default\">Weather forecasts - Mont-Blanc Mountain Range (French, Italian and Swiss sides):<\/h2>\t\t<\/div>\n\t\t\t\t<\/div>\n\t\t\t\t<div class=\"elementor-element elementor-element-59973af elementor-widget elementor-widget-text-editor\" data-id=\"59973af\" data-element_type=\"widget\" data-widget_type=\"text-editor.default\">\n\t\t\t\t<div class=\"elementor-widget-container\">\n\t\t\t\t\t\t\t<p style=\"text-align: center;\">M\u00e9t\u00e9o Mont-Blanc offers you expert, personalized forecasts for the Mont Blanc massif with the following parameters (time-sensitive weather, temperatures, snow quantities, wind&#8230;).<\/p>\n\t\t\t\t\t\t<\/div>\n\t\t\t\t<\/div>\n\t\t\t\t<div class=\"elementor-element elementor-element-7d70754 elementor-align-left elementor-icon-list--layout-traditional elementor-list-item-link-full_width elementor-widget elementor-widget-icon-list\" data-id=\"7d70754\" data-element_type=\"widget\" data-widget_type=\"icon-list.default\">\n\t\t\t\t<div class=\"elementor-widget-container\">\n\t\t\t\t\t<ul class=\"elementor-icon-list-items\">\n\t\t\t\t\t\t\t<li class=\"elementor-icon-list-item\">\n\t\t\t\t\t\t\t\t\t\t\t<span class=\"elementor-icon-list-icon\">\n\t\t\t\t\t\t\t<svg aria-hidden=\"true\" class=\"e-font-icon-svg e-fas-arrow-right\" viewBox=\"0 0 448 512\" xmlns=\"http:\/\/www.w3.org\/2000\/svg\"><path d=\"M190.5 66.9l22.2-22.2c9.4-9.4 24.6-9.4 33.9 0L441 239c9.4 9.4 9.4 24.6 0 33.9L246.6 467.3c-9.4 9.4-24.6 9.4-33.9 0l-22.2-22.2c-9.5-9.5-9.3-25 .4-34.3L311.4 296H24c-13.3 0-24-10.7-24-24v-32c0-13.3 10.7-24 24-24h287.4L190.9 101.2c-9.8-9.3-10-24.8-.4-34.3z\"><\/path><\/svg>\t\t\t\t\t\t<\/span>\n\t\t\t\t\t\t\t\t\t\t<span class=\"elementor-icon-list-text\">Rates adapted to your needs <\/span>\n\t\t\t\t\t\t\t\t\t<\/li>\n\t\t\t\t\t\t\t\t<li class=\"elementor-icon-list-item\">\n\t\t\t\t\t\t\t\t\t\t\t<span class=\"elementor-icon-list-icon\">\n\t\t\t\t\t\t\t<svg aria-hidden=\"true\" class=\"e-font-icon-svg e-fas-arrow-right\" viewBox=\"0 0 448 512\" xmlns=\"http:\/\/www.w3.org\/2000\/svg\"><path d=\"M190.5 66.9l22.2-22.2c9.4-9.4 24.6-9.4 33.9 0L441 239c9.4 9.4 9.4 24.6 0 33.9L246.6 467.3c-9.4 9.4-24.6 9.4-33.9 0l-22.2-22.2c-9.5-9.5-9.3-25 .4-34.3L311.4 296H24c-13.3 0-24-10.7-24-24v-32c0-13.3 10.7-24 24-24h287.4L190.9 101.2c-9.8-9.3-10-24.8-.4-34.3z\"><\/path><\/svg>\t\t\t\t\t\t<\/span>\n\t\t\t\t\t\t\t\t\t\t<span class=\"elementor-icon-list-text\">Request a free quote<\/span>\n\t\t\t\t\t\t\t\t\t<\/li>\n\t\t\t\t\t\t<\/ul>\n\t\t\t\t<\/div>\n\t\t\t\t<\/div>\n\t\t\t\t<\/div>\n\t\t<div class=\"elementor-element elementor-element-1fc8ef5 e-con-full e-flex e-con e-child\" data-id=\"1fc8ef5\" data-element_type=\"container\">\n\t\t\t\t<div class=\"elementor-element elementor-element-d6c110f elementor-widget elementor-widget-heading\" data-id=\"d6c110f\" data-element_type=\"widget\" data-widget_type=\"heading.default\">\n\t\t\t\t<div class=\"elementor-widget-container\">\n\t\t\t<h2 class=\"elementor-heading-title elementor-size-default\">Other request:<\/h2>\t\t<\/div>\n\t\t\t\t<\/div>\n\t\t\t\t<div class=\"elementor-element elementor-element-4375cc56 elementor-widget elementor-widget-text-editor\" data-id=\"4375cc56\" data-element_type=\"widget\" data-widget_type=\"text-editor.default\">\n\t\t\t\t<div class=\"elementor-widget-container\">\n\t\t\t\t\t\t\t<p style=\"text-align: center;\">forecasts for another mountain\/sector, event, conference, media, etc.<\/p>\n\t\t\t\t\t\t<\/div>\n\t\t\t\t<\/div>\n\t\t\t\t<div class=\"elementor-element elementor-element-3762be5 elementor-align-left elementor-icon-list--layout-traditional elementor-list-item-link-full_width elementor-widget elementor-widget-icon-list\" data-id=\"3762be5\" data-element_type=\"widget\" data-widget_type=\"icon-list.default\">\n\t\t\t\t<div class=\"elementor-widget-container\">\n\t\t\t\t\t<ul class=\"elementor-icon-list-items\">\n\t\t\t\t\t\t\t<li class=\"elementor-icon-list-item\">\n\t\t\t\t\t\t\t\t\t\t\t<span class=\"elementor-icon-list-icon\">\n\t\t\t\t\t\t\t<svg aria-hidden=\"true\" class=\"e-font-icon-svg e-fas-arrow-right\" viewBox=\"0 0 448 512\" xmlns=\"http:\/\/www.w3.org\/2000\/svg\"><path d=\"M190.5 66.9l22.2-22.2c9.4-9.4 24.6-9.4 33.9 0L441 239c9.4 9.4 9.4 24.6 0 33.9L246.6 467.3c-9.4 9.4-24.6 9.4-33.9 0l-22.2-22.2c-9.5-9.5-9.3-25 .4-34.3L311.4 296H24c-13.3 0-24-10.7-24-24v-32c0-13.3 10.7-24 24-24h287.4L190.9 101.2c-9.8-9.3-10-24.8-.4-34.3z\"><\/path><\/svg>\t\t\t\t\t\t<\/span>\n\t\t\t\t\t\t\t\t\t\t<span class=\"elementor-icon-list-text\">Request a free quote<\/span>\n\t\t\t\t\t\t\t\t\t<\/li>\n\t\t\t\t\t\t<\/ul>\n\t\t\t\t<\/div>\n\t\t\t\t<\/div>\n\t\t\t\t<\/div>\n\t\t\t\t\t<\/div>\n\t\t\t\t<\/div>\n\t\t<div class=\"elementor-element elementor-element-af96e94 e-flex e-con-boxed e-con e-parent\" data-id=\"af96e94\" data-element_type=\"container\">\n\t\t\t\t\t<div class=\"e-con-inner\">\n\t\t\t\t<div class=\"elementor-element elementor-element-c24bcbe elementor-widget elementor-widget-gallery\" data-id=\"c24bcbe\" data-element_type=\"widget\" data-settings=\"{&quot;gallery_layout&quot;:&quot;masonry&quot;,&quot;columns_tablet&quot;:4,&quot;columns_mobile&quot;:2,&quot;columns&quot;:4,&quot;gap&quot;:{&quot;unit&quot;:&quot;px&quot;,&quot;size&quot;:10,&quot;sizes&quot;:[]},&quot;gap_tablet&quot;:{&quot;unit&quot;:&quot;px&quot;,&quot;size&quot;:10,&quot;sizes&quot;:[]},&quot;gap_mobile&quot;:{&quot;unit&quot;:&quot;px&quot;,&quot;size&quot;:10,&quot;sizes&quot;:[]},&quot;link_to&quot;:&quot;file&quot;,&quot;content_hover_animation&quot;:&quot;fade-in&quot;}\" data-widget_type=\"gallery.default\">\n\t\t\t\t<div class=\"elementor-widget-container\">\n\t\t\t\t\t<div class=\"elementor-gallery__container\">\n\t\t\t\t\t\t\t<a class=\"e-gallery-item elementor-gallery-item elementor-animated-content\" href=\"https:\/\/meteo-montblanc.com\/wp-content\/uploads\/2024\/05\/prevision-detaillee-anglais_Page_1.jpg\" data-elementor-open-lightbox=\"yes\" data-elementor-lightbox-slideshow=\"c24bcbe\" data-elementor-lightbox-title=\"prevision de\u0301taille\u0301e anglais_Page_1\" data-e-action-hash=\"#elementor-action%3Aaction%3Dlightbox%26settings%3DeyJpZCI6MTE1NCwidXJsIjoiaHR0cHM6XC9cL21ldGVvLW1vbnRibGFuYy5jb21cL3dwLWNvbnRlbnRcL3VwbG9hZHNcLzIwMjRcLzA1XC9wcmV2aXNpb24tZGV0YWlsbGVlLWFuZ2xhaXNfUGFnZV8xLmpwZyIsInNsaWRlc2hvdyI6ImMyNGJjYmUifQ%3D%3D\">\n\t\t\t\t\t<div class=\"e-gallery-image elementor-gallery-item__image\" data-thumbnail=\"https:\/\/meteo-montblanc.com\/wp-content\/uploads\/2024\/05\/prevision-detaillee-anglais_Page_1.jpg\" data-width=\"1580\" data-height=\"2246\" aria-label=\"\" role=\"img\" ><\/div>\n\t\t\t\t\t\t\t\t\t\t\t\t\t\t<\/a>\n\t\t\t\t\t\t\t<a class=\"e-gallery-item elementor-gallery-item elementor-animated-content\" href=\"https:\/\/meteo-montblanc.com\/wp-content\/uploads\/2024\/05\/prevision-detaillee-anglais_Page_2.jpg\" data-elementor-open-lightbox=\"yes\" data-elementor-lightbox-slideshow=\"c24bcbe\" data-elementor-lightbox-title=\"prevision de\u0301taille\u0301e anglais_Page_2\" data-e-action-hash=\"#elementor-action%3Aaction%3Dlightbox%26settings%3DeyJpZCI6MTE1OCwidXJsIjoiaHR0cHM6XC9cL21ldGVvLW1vbnRibGFuYy5jb21cL3dwLWNvbnRlbnRcL3VwbG9hZHNcLzIwMjRcLzA1XC9wcmV2aXNpb24tZGV0YWlsbGVlLWFuZ2xhaXNfUGFnZV8yLmpwZyIsInNsaWRlc2hvdyI6ImMyNGJjYmUifQ%3D%3D\">\n\t\t\t\t\t<div class=\"e-gallery-image elementor-gallery-item__image\" data-thumbnail=\"https:\/\/meteo-montblanc.com\/wp-content\/uploads\/2024\/05\/prevision-detaillee-anglais_Page_2.jpg\" data-width=\"1580\" data-height=\"2246\" aria-label=\"\" role=\"img\" ><\/div>\n\t\t\t\t\t\t\t\t\t\t\t\t\t\t<\/a>\n\t\t\t\t\t\t\t<a class=\"e-gallery-item elementor-gallery-item elementor-animated-content\" href=\"https:\/\/meteo-montblanc.com\/wp-content\/uploads\/2024\/05\/prevision-detaillee-anglais_Page_3.jpg\" data-elementor-open-lightbox=\"yes\" data-elementor-lightbox-slideshow=\"c24bcbe\" data-elementor-lightbox-title=\"prevision de\u0301taille\u0301e anglais_Page_3\" data-e-action-hash=\"#elementor-action%3Aaction%3Dlightbox%26settings%3DeyJpZCI6MTE2MiwidXJsIjoiaHR0cHM6XC9cL21ldGVvLW1vbnRibGFuYy5jb21cL3dwLWNvbnRlbnRcL3VwbG9hZHNcLzIwMjRcLzA1XC9wcmV2aXNpb24tZGV0YWlsbGVlLWFuZ2xhaXNfUGFnZV8zLmpwZyIsInNsaWRlc2hvdyI6ImMyNGJjYmUifQ%3D%3D\">\n\t\t\t\t\t<div class=\"e-gallery-image elementor-gallery-item__image\" data-thumbnail=\"https:\/\/meteo-montblanc.com\/wp-content\/uploads\/2024\/05\/prevision-detaillee-anglais_Page_3.jpg\" data-width=\"1580\" data-height=\"2246\" aria-label=\"\" role=\"img\" ><\/div>\n\t\t\t\t\t\t\t\t\t\t\t\t\t\t<\/a>\n\t\t\t\t\t\t\t<a class=\"e-gallery-item elementor-gallery-item elementor-animated-content\" href=\"https:\/\/meteo-montblanc.com\/wp-content\/uploads\/2024\/05\/prevision-detaillee-anglais_Page_4.jpg\" data-elementor-open-lightbox=\"yes\" data-elementor-lightbox-slideshow=\"c24bcbe\" data-elementor-lightbox-title=\"prevision de\u0301taille\u0301e anglais_Page_4\" data-e-action-hash=\"#elementor-action%3Aaction%3Dlightbox%26settings%3DeyJpZCI6MTE2NiwidXJsIjoiaHR0cHM6XC9cL21ldGVvLW1vbnRibGFuYy5jb21cL3dwLWNvbnRlbnRcL3VwbG9hZHNcLzIwMjRcLzA1XC9wcmV2aXNpb24tZGV0YWlsbGVlLWFuZ2xhaXNfUGFnZV80LmpwZyIsInNsaWRlc2hvdyI6ImMyNGJjYmUifQ%3D%3D\">\n\t\t\t\t\t<div class=\"e-gallery-image elementor-gallery-item__image\" data-thumbnail=\"https:\/\/meteo-montblanc.com\/wp-content\/uploads\/2024\/05\/prevision-detaillee-anglais_Page_4.jpg\" data-width=\"1580\" data-height=\"2246\" aria-label=\"\" role=\"img\" ><\/div>\n\t\t\t\t\t\t\t\t\t\t\t\t\t\t<\/a>\n\t\t\t\t\t<\/div>\n\t\t\t<\/div>\n\t\t\t\t<\/div>\n\t\t\t\t\t<\/div>\n\t\t\t\t<\/div>\n\t\t<div class=\"elementor-element elementor-element-7b26bf5 e-flex e-con-boxed e-con e-parent\" data-id=\"7b26bf5\" data-element_type=\"container\" data-settings=\"{&quot;background_background&quot;:&quot;classic&quot;}\">\n\t\t\t\t\t<div class=\"e-con-inner\">\n\t\t<div class=\"elementor-element elementor-element-0d39db8 e-con-full e-flex e-con e-child\" data-id=\"0d39db8\" data-element_type=\"container\" data-settings=\"{&quot;background_background&quot;:&quot;classic&quot;}\">\n\t\t\t\t<div class=\"elementor-element elementor-element-6e4a5b4 elementor-widget elementor-widget-heading\" data-id=\"6e4a5b4\" data-element_type=\"widget\" data-widget_type=\"heading.default\">\n\t\t\t\t<div class=\"elementor-widget-container\">\n\t\t\t<h1 class=\"elementor-heading-title elementor-size-default\">Contact<\/h1>\t\t<\/div>\n\t\t\t\t<\/div>\n\t\t\t\t<div class=\"elementor-element elementor-element-f81c4f0 elementor-icon-list--layout-traditional elementor-list-item-link-full_width elementor-widget elementor-widget-icon-list\" data-id=\"f81c4f0\" data-element_type=\"widget\" data-widget_type=\"icon-list.default\">\n\t\t\t\t<div class=\"elementor-widget-container\">\n\t\t\t\t\t<ul class=\"elementor-icon-list-items\">\n\t\t\t\t\t\t\t<li class=\"elementor-icon-list-item\">\n\t\t\t\t\t\t\t\t\t\t\t<a href=\"mailto:allan.crouvzier@hotmail.fr\">\n\n\t\t\t\t\t\t\t\t\t\t\t\t<span class=\"elementor-icon-list-icon\">\n\t\t\t\t\t\t\t<svg aria-hidden=\"true\" class=\"e-font-icon-svg e-far-envelope\" viewBox=\"0 0 512 512\" xmlns=\"http:\/\/www.w3.org\/2000\/svg\"><path d=\"M464 64H48C21.49 64 0 85.49 0 112v288c0 26.51 21.49 48 48 48h416c26.51 0 48-21.49 48-48V112c0-26.51-21.49-48-48-48zm0 48v40.805c-22.422 18.259-58.168 46.651-134.587 106.49-16.841 13.247-50.201 45.072-73.413 44.701-23.208.375-56.579-31.459-73.413-44.701C106.18 199.465 70.425 171.067 48 152.805V112h416zM48 400V214.398c22.914 18.251 55.409 43.862 104.938 82.646 21.857 17.205 60.134 55.186 103.062 54.955 42.717.231 80.509-37.199 103.053-54.947 49.528-38.783 82.032-64.401 104.947-82.653V400H48z\"><\/path><\/svg>\t\t\t\t\t\t<\/span>\n\t\t\t\t\t\t\t\t\t\t<span class=\"elementor-icon-list-text\">allan.crouvizier@hotmail.fr<\/span>\n\t\t\t\t\t\t\t\t\t\t\t<\/a>\n\t\t\t\t\t\t\t\t\t<\/li>\n\t\t\t\t\t\t<\/ul>\n\t\t\t\t<\/div>\n\t\t\t\t<\/div>\n\t\t\t\t<\/div>\n\t\t<div class=\"elementor-element elementor-element-c036b76 e-con-full e-flex e-con e-child\" data-id=\"c036b76\" data-element_type=\"container\">\n\t\t\t\t<div class=\"elementor-element elementor-element-28c81ec elementor-widget elementor-widget-shortcode\" data-id=\"28c81ec\" data-element_type=\"widget\" data-widget_type=\"shortcode.default\">\n\t\t\t\t<div class=\"elementor-widget-container\">\n\t\t\t\t\t<div class=\"elementor-shortcode\">\n<div class=\"wpcf7 no-js\" id=\"wpcf7-f1151-o1\" lang=\"en-US\" dir=\"ltr\">\n<div class=\"screen-reader-response\"><p role=\"status\" aria-live=\"polite\" aria-atomic=\"true\"><\/p> <ul><\/ul><\/div>\n<form action=\"\/en\/wp-json\/wp\/v2\/pages\/1139#wpcf7-f1151-o1\" method=\"post\" class=\"wpcf7-form init\" aria-label=\"Contact form\" novalidate=\"novalidate\" data-status=\"init\">\n<div style=\"display: none;\">\n<input type=\"hidden\" name=\"_wpcf7\" value=\"1151\" \/>\n<input type=\"hidden\" name=\"_wpcf7_version\" value=\"5.9.8\" \/>\n<input type=\"hidden\" name=\"_wpcf7_locale\" value=\"en_US\" \/>\n<input type=\"hidden\" name=\"_wpcf7_unit_tag\" value=\"wpcf7-f1151-o1\" \/>\n<input type=\"hidden\" name=\"_wpcf7_container_post\" value=\"0\" \/>\n<input type=\"hidden\" name=\"_wpcf7_posted_data_hash\" value=\"\" \/>\n<input type=\"hidden\" name=\"_wpcf7_recaptcha_response\" value=\"\" \/>\n<\/div>\n<p><span class=\"wpcf7-form-control-wrap\" data-name=\"your-name\"><input size=\"40\" maxlength=\"400\" class=\"wpcf7-form-control wpcf7-text wpcf7-validates-as-required\" aria-required=\"true\" aria-invalid=\"false\" placeholder=\"Your name (required)\" value=\"\" type=\"text\" name=\"your-name\" \/><\/span>\n<\/p>\n<p><span class=\"wpcf7-form-control-wrap\" data-name=\"your-email\"><input size=\"40\" maxlength=\"400\" class=\"wpcf7-form-control wpcf7-email wpcf7-validates-as-required wpcf7-text wpcf7-validates-as-email\" aria-required=\"true\" aria-invalid=\"false\" placeholder=\"Your email (required)\" value=\"\" type=\"email\" name=\"your-email\" \/><\/span>\n<\/p>\n<p><span class=\"wpcf7-form-control-wrap\" data-name=\"your-message\"><textarea cols=\"40\" rows=\"10\" maxlength=\"2000\" class=\"wpcf7-form-control wpcf7-textarea\" aria-invalid=\"false\" placeholder=\"Your message\" name=\"your-message\"><\/textarea><\/span>\n<\/p>\n\n<p><span class=\"wpcf7-form-control-wrap\" data-name=\"your-consent\"><span class=\"wpcf7-form-control wpcf7-acceptance\"><span class=\"wpcf7-list-item\"><label><input type=\"checkbox\" name=\"your-consent\" value=\"1\" aria-invalid=\"false\" \/><span class=\"wpcf7-list-item-label\">By checking this box, I accept the privacy policy of this site.<a href=\"https:\/\/meteo-montblanc.com\/politique-de-confidentialite\/\"><\/a><\/span><\/label><\/span><\/span><\/span>\n<\/p>\n<h5 style=\"text-align: center;\"><input class=\"wpcf7-form-control wpcf7-submit has-spinner\" type=\"submit\" value=\"SEND\" \/>\n<\/h5><div class=\"wpcf7-response-output\" aria-hidden=\"true\"><\/div>\n<\/form>\n<\/div>\n<\/div>\n\t\t\t\t<\/div>\n\t\t\t\t<\/div>\n\t\t\t\t<\/div>\n\t\t\t\t\t<\/div>\n\t\t\t\t<\/div>\n\t\t\t\t<\/div>\n\t\t","protected":false},"excerpt":{"rendered":"<p>Our services Weather forecasts &#8211; Mont-Blanc Mountain Range (French, Italian and Swiss sides): M\u00e9t\u00e9o Mont-Blanc offers you expert, personalized forecasts for the Mont Blanc massif with the following parameters (time-sensitive weather, temperatures, snow quantities, wind&#8230;). Rates adapted to your needs Request a free quote Other request: forecasts for another mountain\/sector, event, conference, media, etc. Request &#8230; <a title=\"Our services\" class=\"read-more\" href=\"https:\/\/meteo-montblanc.com\/en\/our-services\/\" aria-label=\"Read more about Our services\">Read more<\/a><\/p>\n","protected":false},"author":2,"featured_media":0,"parent":0,"menu_order":0,"comment_status":"closed","ping_status":"closed","template":"elementor_header_footer","meta":{"footnotes":""},"class_list":["post-1139","page","type-page","status-publish"],"yoast_head":"<!-- This site is optimized with the Yoast SEO plugin v23.4 - https:\/\/yoast.com\/wordpress\/plugins\/seo\/ -->\n<title>Weather forecast Mont Blanc massif<\/title>\n<meta name=\"description\" content=\"Weather Mont Blanc, expert forecasts for Mont Blanc: sensitive weather by time slots, temperatures, quantities of snow, wind, etc.).\" \/>\n<meta name=\"robots\" content=\"index, follow, max-snippet:-1, max-image-preview:large, max-video-preview:-1\" \/>\n<link rel=\"canonical\" href=\"https:\/\/meteo-montblanc.com\/en\/our-services\/\" \/>\n<meta property=\"og:locale\" content=\"en_US\" \/>\n<meta property=\"og:type\" content=\"article\" \/>\n<meta property=\"og:title\" content=\"Weather forecast Mont Blanc massif\" \/>\n<meta property=\"og:description\" content=\"Weather Mont Blanc, expert forecasts for Mont Blanc: sensitive weather by time slots, temperatures, quantities of snow, wind, etc.).\" \/>\n<meta property=\"og:url\" content=\"https:\/\/meteo-montblanc.com\/en\/our-services\/\" \/>\n<meta property=\"og:site_name\" content=\"Meteo Mont-Blanc\" \/>\n<meta property=\"article:publisher\" content=\"https:\/\/www.facebook.com\/ClimAlpes\" \/>\n<meta property=\"article:modified_time\" content=\"2024-05-27T09:34:38+00:00\" \/>\n<meta name=\"twitter:card\" content=\"summary_large_image\" \/>\n<meta name=\"twitter:label1\" content=\"Est. reading time\" \/>\n\t<meta name=\"twitter:data1\" content=\"1 minute\" \/>\n<script type=\"application\/ld+json\" class=\"yoast-schema-graph\">{\"@context\":\"https:\/\/schema.org\",\"@graph\":[{\"@type\":\"WebPage\",\"@id\":\"https:\/\/meteo-montblanc.com\/en\/our-services\/\",\"url\":\"https:\/\/meteo-montblanc.com\/en\/our-services\/\",\"name\":\"Weather forecast Mont Blanc massif\",\"isPartOf\":{\"@id\":\"https:\/\/meteo-montblanc.com\/en\/#website\"},\"datePublished\":\"2023-12-15T09:00:25+00:00\",\"dateModified\":\"2024-05-27T09:34:38+00:00\",\"description\":\"Weather Mont Blanc, expert forecasts for Mont Blanc: sensitive weather by time slots, temperatures, quantities of snow, wind, etc.).\",\"breadcrumb\":{\"@id\":\"https:\/\/meteo-montblanc.com\/en\/our-services\/#breadcrumb\"},\"inLanguage\":\"en-US\",\"potentialAction\":[{\"@type\":\"ReadAction\",\"target\":[\"https:\/\/meteo-montblanc.com\/en\/our-services\/\"]}]},{\"@type\":\"BreadcrumbList\",\"@id\":\"https:\/\/meteo-montblanc.com\/en\/our-services\/#breadcrumb\",\"itemListElement\":[{\"@type\":\"ListItem\",\"position\":1,\"name\":\"Accueil\",\"item\":\"https:\/\/meteo-montblanc.com\/en\/home\/\"},{\"@type\":\"ListItem\",\"position\":2,\"name\":\"Our services\"}]},{\"@type\":\"WebSite\",\"@id\":\"https:\/\/meteo-montblanc.com\/en\/#website\",\"url\":\"https:\/\/meteo-montblanc.com\/en\/\",\"name\":\"Meteo Mont-Blanc\",\"description\":\"Pr\u00e9visions m\u00e9t\u00e9o Mont-Blanc\",\"publisher\":{\"@id\":\"https:\/\/meteo-montblanc.com\/en\/#organization\"},\"potentialAction\":[{\"@type\":\"SearchAction\",\"target\":{\"@type\":\"EntryPoint\",\"urlTemplate\":\"https:\/\/meteo-montblanc.com\/en\/?s={search_term_string}\"},\"query-input\":{\"@type\":\"PropertyValueSpecification\",\"valueRequired\":true,\"valueName\":\"search_term_string\"}}],\"inLanguage\":\"en-US\"},{\"@type\":\"Organization\",\"@id\":\"https:\/\/meteo-montblanc.com\/en\/#organization\",\"name\":\"Meteo Mont-Blanc\",\"url\":\"https:\/\/meteo-montblanc.com\/en\/\",\"logo\":{\"@type\":\"ImageObject\",\"inLanguage\":\"en-US\",\"@id\":\"https:\/\/meteo-montblanc.com\/en\/#\/schema\/logo\/image\/\",\"url\":\"https:\/\/meteo-montblanc.com\/wp-content\/uploads\/2023\/12\/Logo.jpg\",\"contentUrl\":\"https:\/\/meteo-montblanc.com\/wp-content\/uploads\/2023\/12\/Logo.jpg\",\"width\":450,\"height\":150,\"caption\":\"Meteo Mont-Blanc\"},\"image\":{\"@id\":\"https:\/\/meteo-montblanc.com\/en\/#\/schema\/logo\/image\/\"},\"sameAs\":[\"https:\/\/www.facebook.com\/ClimAlpes\"]}]}<\/script>\n<!-- \/ Yoast SEO plugin. -->","yoast_head_json":{"title":"Weather forecast Mont Blanc massif","description":"Weather Mont Blanc, expert forecasts for Mont Blanc: sensitive weather by time slots, temperatures, quantities of snow, wind, etc.).","robots":{"index":"index","follow":"follow","max-snippet":"max-snippet:-1","max-image-preview":"max-image-preview:large","max-video-preview":"max-video-preview:-1"},"canonical":"https:\/\/meteo-montblanc.com\/en\/our-services\/","og_locale":"en_US","og_type":"article","og_title":"Weather forecast Mont Blanc massif","og_description":"Weather Mont Blanc, expert forecasts for Mont Blanc: sensitive weather by time slots, temperatures, quantities of snow, wind, etc.).","og_url":"https:\/\/meteo-montblanc.com\/en\/our-services\/","og_site_name":"Meteo Mont-Blanc","article_publisher":"https:\/\/www.facebook.com\/ClimAlpes","article_modified_time":"2024-05-27T09:34:38+00:00","twitter_card":"summary_large_image","twitter_misc":{"Est. reading time":"1 minute"},"schema":{"@context":"https:\/\/schema.org","@graph":[{"@type":"WebPage","@id":"https:\/\/meteo-montblanc.com\/en\/our-services\/","url":"https:\/\/meteo-montblanc.com\/en\/our-services\/","name":"Weather forecast Mont Blanc massif","isPartOf":{"@id":"https:\/\/meteo-montblanc.com\/en\/#website"},"datePublished":"2023-12-15T09:00:25+00:00","dateModified":"2024-05-27T09:34:38+00:00","description":"Weather Mont Blanc, expert forecasts for Mont Blanc: sensitive weather by time slots, temperatures, quantities of snow, wind, etc.).","breadcrumb":{"@id":"https:\/\/meteo-montblanc.com\/en\/our-services\/#breadcrumb"},"inLanguage":"en-US","potentialAction":[{"@type":"ReadAction","target":["https:\/\/meteo-montblanc.com\/en\/our-services\/"]}]},{"@type":"BreadcrumbList","@id":"https:\/\/meteo-montblanc.com\/en\/our-services\/#breadcrumb","itemListElement":[{"@type":"ListItem","position":1,"name":"Accueil","item":"https:\/\/meteo-montblanc.com\/en\/home\/"},{"@type":"ListItem","position":2,"name":"Our services"}]},{"@type":"WebSite","@id":"https:\/\/meteo-montblanc.com\/en\/#website","url":"https:\/\/meteo-montblanc.com\/en\/","name":"Meteo Mont-Blanc","description":"Pr\u00e9visions m\u00e9t\u00e9o Mont-Blanc","publisher":{"@id":"https:\/\/meteo-montblanc.com\/en\/#organization"},"potentialAction":[{"@type":"SearchAction","target":{"@type":"EntryPoint","urlTemplate":"https:\/\/meteo-montblanc.com\/en\/?s={search_term_string}"},"query-input":{"@type":"PropertyValueSpecification","valueRequired":true,"valueName":"search_term_string"}}],"inLanguage":"en-US"},{"@type":"Organization","@id":"https:\/\/meteo-montblanc.com\/en\/#organization","name":"Meteo Mont-Blanc","url":"https:\/\/meteo-montblanc.com\/en\/","logo":{"@type":"ImageObject","inLanguage":"en-US","@id":"https:\/\/meteo-montblanc.com\/en\/#\/schema\/logo\/image\/","url":"https:\/\/meteo-montblanc.com\/wp-content\/uploads\/2023\/12\/Logo.jpg","contentUrl":"https:\/\/meteo-montblanc.com\/wp-content\/uploads\/2023\/12\/Logo.jpg","width":450,"height":150,"caption":"Meteo Mont-Blanc"},"image":{"@id":"https:\/\/meteo-montblanc.com\/en\/#\/schema\/logo\/image\/"},"sameAs":["https:\/\/www.facebook.com\/ClimAlpes"]}]}},"_links":{"self":[{"href":"https:\/\/meteo-montblanc.com\/en\/wp-json\/wp\/v2\/pages\/1139","targetHints":{"allow":["GET"]}}],"collection":[{"href":"https:\/\/meteo-montblanc.com\/en\/wp-json\/wp\/v2\/pages"}],"about":[{"href":"https:\/\/meteo-montblanc.com\/en\/wp-json\/wp\/v2\/types\/page"}],"author":[{"embeddable":true,"href":"https:\/\/meteo-montblanc.com\/en\/wp-json\/wp\/v2\/users\/2"}],"replies":[{"embeddable":true,"href":"https:\/\/meteo-montblanc.com\/en\/wp-json\/wp\/v2\/comments?post=1139"}],"version-history":[{"count":4,"href":"https:\/\/meteo-montblanc.com\/en\/wp-json\/wp\/v2\/pages\/1139\/revisions"}],"predecessor-version":[{"id":1172,"href":"https:\/\/meteo-montblanc.com\/en\/wp-json\/wp\/v2\/pages\/1139\/revisions\/1172"}],"wp:attachment":[{"href":"https:\/\/meteo-montblanc.com\/en\/wp-json\/wp\/v2\/media?parent=1139"}],"curies":[{"name":"wp","href":"https:\/\/api.w.org\/{rel}","templated":true}]}}