{"id":1137,"date":"2023-12-15T10:00:24","date_gmt":"2023-12-15T09:00:24","guid":{"rendered":"https:\/\/meteo-montblanc.com\/contatto\/"},"modified":"2024-05-27T10:36:23","modified_gmt":"2024-05-27T08:36:23","slug":"contatto","status":"publish","type":"page","link":"https:\/\/meteo-montblanc.com\/it\/contatto\/","title":{"rendered":"Contatto"},"content":{"rendered":"\t\t<div data-elementor-type=\"wp-page\" data-elementor-id=\"1137\" class=\"elementor elementor-1137 elementor-128\" data-elementor-post-type=\"page\">\n\t\t\t\t<div class=\"elementor-element elementor-element-372e1715 e-flex e-con-boxed e-con e-parent\" data-id=\"372e1715\" data-element_type=\"container\" data-settings=\"{&quot;background_background&quot;:&quot;classic&quot;}\">\n\t\t\t\t\t<div class=\"e-con-inner\">\n\t\t\t\t<div class=\"elementor-element elementor-element-3d9fb3a5 elementor-widget elementor-widget-heading\" data-id=\"3d9fb3a5\" data-element_type=\"widget\" data-widget_type=\"heading.default\">\n\t\t\t\t<div class=\"elementor-widget-container\">\n\t\t\t<h1 class=\"elementor-heading-title elementor-size-default\">Contattatemi<\/h1>\t\t<\/div>\n\t\t\t\t<\/div>\n\t\t\t\t<div class=\"elementor-element elementor-element-6d4bfbd2 elementor-widget__width-inherit elementor-widget-divider--view-line elementor-widget elementor-widget-divider\" data-id=\"6d4bfbd2\" data-element_type=\"widget\" data-widget_type=\"divider.default\">\n\t\t\t\t<div class=\"elementor-widget-container\">\n\t\t\t\t\t<div class=\"elementor-divider\">\n\t\t\t<span class=\"elementor-divider-separator\">\n\t\t\t\t\t\t<\/span>\n\t\t<\/div>\n\t\t\t\t<\/div>\n\t\t\t\t<\/div>\n\t\t\t\t<div class=\"elementor-element elementor-element-4a71fc29 elementor-widget elementor-widget-heading\" data-id=\"4a71fc29\" data-element_type=\"widget\" data-widget_type=\"heading.default\">\n\t\t\t\t<div class=\"elementor-widget-container\">\n\t\t\t<h6 class=\"elementor-heading-title elementor-size-default\">Allan Crouvizier<\/h6>\t\t<\/div>\n\t\t\t\t<\/div>\n\t\t\t\t<div class=\"elementor-element elementor-element-1705702f elementor-align-center elementor-icon-list--layout-traditional elementor-list-item-link-full_width elementor-widget elementor-widget-icon-list\" data-id=\"1705702f\" data-element_type=\"widget\" data-widget_type=\"icon-list.default\">\n\t\t\t\t<div class=\"elementor-widget-container\">\n\t\t\t\t\t<ul class=\"elementor-icon-list-items\">\n\t\t\t\t\t\t\t<li class=\"elementor-icon-list-item\">\n\t\t\t\t\t\t\t\t\t\t\t<a href=\"mailto:contact@meteo-montblanc.com\">\n\n\t\t\t\t\t\t\t\t\t\t\t<span class=\"elementor-icon-list-text\">allan.crouvizier@hotmail.fr<\/span>\n\t\t\t\t\t\t\t\t\t\t\t<\/a>\n\t\t\t\t\t\t\t\t\t<\/li>\n\t\t\t\t\t\t<\/ul>\n\t\t\t\t<\/div>\n\t\t\t\t<\/div>\n\t\t\t\t<div class=\"elementor-element elementor-element-33e0270 elementor-widget__width-inherit elementor-widget-divider--view-line elementor-widget elementor-widget-divider\" data-id=\"33e0270\" data-element_type=\"widget\" data-widget_type=\"divider.default\">\n\t\t\t\t<div class=\"elementor-widget-container\">\n\t\t\t\t\t<div class=\"elementor-divider\">\n\t\t\t<span class=\"elementor-divider-separator\">\n\t\t\t\t\t\t<\/span>\n\t\t<\/div>\n\t\t\t\t<\/div>\n\t\t\t\t<\/div>\n\t\t\t\t<div class=\"elementor-element elementor-element-135c3b23 elementor-widget elementor-widget-text-editor\" data-id=\"135c3b23\" data-element_type=\"widget\" data-widget_type=\"text-editor.default\">\n\t\t\t\t<div class=\"elementor-widget-container\">\n\t\t\t\t\t\t\t<p>Compila il modulo sottostante e ti contatter\u00f2 il prima possibile<\/p>\n\t\t\t\t\t\t<\/div>\n\t\t\t\t<\/div>\n\t\t\t\t<div class=\"elementor-element elementor-element-162f98c elementor-widget elementor-widget-shortcode\" data-id=\"162f98c\" data-element_type=\"widget\" data-widget_type=\"shortcode.default\">\n\t\t\t\t<div class=\"elementor-widget-container\">\n\t\t\t\t\t<div class=\"elementor-shortcode\">\n<div class=\"wpcf7 no-js\" id=\"wpcf7-f1153-o1\" lang=\"it-IT\" dir=\"ltr\">\n<div class=\"screen-reader-response\"><p role=\"status\" aria-live=\"polite\" aria-atomic=\"true\"><\/p> <ul><\/ul><\/div>\n<form action=\"\/it\/wp-json\/wp\/v2\/pages\/1137#wpcf7-f1153-o1\" method=\"post\" class=\"wpcf7-form init\" aria-label=\"Modulo di contatto\" novalidate=\"novalidate\" data-status=\"init\">\n<div style=\"display: none;\">\n<input type=\"hidden\" name=\"_wpcf7\" value=\"1153\" \/>\n<input type=\"hidden\" name=\"_wpcf7_version\" value=\"5.9.8\" \/>\n<input type=\"hidden\" name=\"_wpcf7_locale\" value=\"it_IT\" \/>\n<input type=\"hidden\" name=\"_wpcf7_unit_tag\" value=\"wpcf7-f1153-o1\" \/>\n<input type=\"hidden\" name=\"_wpcf7_container_post\" value=\"0\" \/>\n<input type=\"hidden\" name=\"_wpcf7_posted_data_hash\" value=\"\" \/>\n<input type=\"hidden\" name=\"_wpcf7_recaptcha_response\" value=\"\" \/>\n<\/div>\n<p><span class=\"wpcf7-form-control-wrap\" data-name=\"your-name\"><input size=\"40\" maxlength=\"400\" class=\"wpcf7-form-control wpcf7-text wpcf7-validates-as-required\" aria-required=\"true\" aria-invalid=\"false\" placeholder=\"Il tuo nome (richiesto)\" value=\"\" type=\"text\" name=\"your-name\" \/><\/span>\n<\/p>\n<p><span class=\"wpcf7-form-control-wrap\" data-name=\"your-email\"><input size=\"40\" maxlength=\"400\" class=\"wpcf7-form-control wpcf7-email wpcf7-validates-as-required wpcf7-text wpcf7-validates-as-email\" aria-required=\"true\" aria-invalid=\"false\" placeholder=\"La tua email (richiesto)\" value=\"\" type=\"email\" name=\"your-email\" \/><\/span>\n<\/p>\n<p><span class=\"wpcf7-form-control-wrap\" data-name=\"your-message\"><textarea cols=\"40\" rows=\"10\" maxlength=\"2000\" class=\"wpcf7-form-control wpcf7-textarea\" aria-invalid=\"false\" placeholder=\"Il tuo messaggio\" name=\"your-message\"><\/textarea><\/span>\n<\/p>\n\n<p><span class=\"wpcf7-form-control-wrap\" data-name=\"your-consent\"><span class=\"wpcf7-form-control wpcf7-acceptance\"><span class=\"wpcf7-list-item\"><label><input type=\"checkbox\" name=\"your-consent\" value=\"1\" aria-invalid=\"false\" \/><span class=\"wpcf7-list-item-label\">Selezionando questa casella, accetto <a href=\"https:\/\/meteo-montblanc.com\/politique-de-confidentialite\/\">la privacy policy di questo sito. <\/a><\/span><\/label><\/span><\/span><\/span>\n<\/p>\n<h5 style=\"text-align: center;\"><input class=\"wpcf7-form-control wpcf7-submit has-spinner\" type=\"submit\" value=\"INVIA\" \/>\n<\/h5><div class=\"wpcf7-response-output\" aria-hidden=\"true\"><\/div>\n<\/form>\n<\/div>\n<\/div>\n\t\t\t\t<\/div>\n\t\t\t\t<\/div>\n\t\t\t\t\t<\/div>\n\t\t\t\t<\/div>\n\t\t\t\t<\/div>\n\t\t","protected":false},"excerpt":{"rendered":"<p>Contattatemi Allan Crouvizier allan.crouvizier@hotmail.fr Compila il modulo sottostante e ti contatter\u00f2 il prima possibile<\/p>\n","protected":false},"author":2,"featured_media":0,"parent":0,"menu_order":0,"comment_status":"closed","ping_status":"closed","template":"elementor_header_footer","meta":{"footnotes":""},"class_list":["post-1137","page","type-page","status-publish"],"yoast_head":"<!-- This site is optimized with the Yoast SEO plugin v23.4 - https:\/\/yoast.com\/wordpress\/plugins\/seo\/ -->\n<title>Contatto previsioni meteo Monte Bianco<\/title>\n<meta name=\"description\" content=\"desideri le previsioni meteo per il massiccio del Monte Bianco o per un altro massiccio\/settore contattaci\" \/>\n<meta name=\"robots\" content=\"index, follow, max-snippet:-1, max-image-preview:large, max-video-preview:-1\" \/>\n<link rel=\"canonical\" href=\"https:\/\/meteo-montblanc.com\/it\/contatto\/\" \/>\n<meta property=\"og:locale\" content=\"it_IT\" \/>\n<meta property=\"og:type\" content=\"article\" \/>\n<meta property=\"og:title\" content=\"Contatto previsioni meteo Monte Bianco\" \/>\n<meta property=\"og:description\" content=\"desideri le previsioni meteo per il massiccio del Monte Bianco o per un altro massiccio\/settore contattaci\" \/>\n<meta property=\"og:url\" content=\"https:\/\/meteo-montblanc.com\/it\/contatto\/\" \/>\n<meta property=\"og:site_name\" content=\"Meteo Mont-Blanc\" \/>\n<meta property=\"article:publisher\" content=\"https:\/\/www.facebook.com\/ClimAlpes\" \/>\n<meta property=\"article:modified_time\" content=\"2024-05-27T08:36:23+00:00\" \/>\n<meta name=\"twitter:card\" content=\"summary_large_image\" \/>\n<script type=\"application\/ld+json\" class=\"yoast-schema-graph\">{\"@context\":\"https:\/\/schema.org\",\"@graph\":[{\"@type\":\"WebPage\",\"@id\":\"https:\/\/meteo-montblanc.com\/it\/contatto\/\",\"url\":\"https:\/\/meteo-montblanc.com\/it\/contatto\/\",\"name\":\"Contatto previsioni meteo Monte Bianco\",\"isPartOf\":{\"@id\":\"https:\/\/meteo-montblanc.com\/it\/#website\"},\"datePublished\":\"2023-12-15T09:00:24+00:00\",\"dateModified\":\"2024-05-27T08:36:23+00:00\",\"description\":\"desideri le previsioni meteo per il massiccio del Monte Bianco o per un altro massiccio\/settore contattaci\",\"breadcrumb\":{\"@id\":\"https:\/\/meteo-montblanc.com\/it\/contatto\/#breadcrumb\"},\"inLanguage\":\"it-IT\",\"potentialAction\":[{\"@type\":\"ReadAction\",\"target\":[\"https:\/\/meteo-montblanc.com\/it\/contatto\/\"]}]},{\"@type\":\"BreadcrumbList\",\"@id\":\"https:\/\/meteo-montblanc.com\/it\/contatto\/#breadcrumb\",\"itemListElement\":[{\"@type\":\"ListItem\",\"position\":1,\"name\":\"Accueil\",\"item\":\"https:\/\/meteo-montblanc.com\/it\/casa\/\"},{\"@type\":\"ListItem\",\"position\":2,\"name\":\"Contatto\"}]},{\"@type\":\"WebSite\",\"@id\":\"https:\/\/meteo-montblanc.com\/it\/#website\",\"url\":\"https:\/\/meteo-montblanc.com\/it\/\",\"name\":\"Meteo Mont-Blanc\",\"description\":\"Pr\u00e9visions m\u00e9t\u00e9o Mont-Blanc\",\"publisher\":{\"@id\":\"https:\/\/meteo-montblanc.com\/it\/#organization\"},\"potentialAction\":[{\"@type\":\"SearchAction\",\"target\":{\"@type\":\"EntryPoint\",\"urlTemplate\":\"https:\/\/meteo-montblanc.com\/it\/?s={search_term_string}\"},\"query-input\":{\"@type\":\"PropertyValueSpecification\",\"valueRequired\":true,\"valueName\":\"search_term_string\"}}],\"inLanguage\":\"it-IT\"},{\"@type\":\"Organization\",\"@id\":\"https:\/\/meteo-montblanc.com\/it\/#organization\",\"name\":\"Meteo Mont-Blanc\",\"url\":\"https:\/\/meteo-montblanc.com\/it\/\",\"logo\":{\"@type\":\"ImageObject\",\"inLanguage\":\"it-IT\",\"@id\":\"https:\/\/meteo-montblanc.com\/it\/#\/schema\/logo\/image\/\",\"url\":\"https:\/\/meteo-montblanc.com\/wp-content\/uploads\/2023\/12\/Logo.jpg\",\"contentUrl\":\"https:\/\/meteo-montblanc.com\/wp-content\/uploads\/2023\/12\/Logo.jpg\",\"width\":450,\"height\":150,\"caption\":\"Meteo Mont-Blanc\"},\"image\":{\"@id\":\"https:\/\/meteo-montblanc.com\/it\/#\/schema\/logo\/image\/\"},\"sameAs\":[\"https:\/\/www.facebook.com\/ClimAlpes\"]}]}<\/script>\n<!-- \/ Yoast SEO plugin. -->","yoast_head_json":{"title":"Contatto previsioni meteo Monte Bianco","description":"desideri le previsioni meteo per il massiccio del Monte Bianco o per un altro massiccio\/settore contattaci","robots":{"index":"index","follow":"follow","max-snippet":"max-snippet:-1","max-image-preview":"max-image-preview:large","max-video-preview":"max-video-preview:-1"},"canonical":"https:\/\/meteo-montblanc.com\/it\/contatto\/","og_locale":"it_IT","og_type":"article","og_title":"Contatto previsioni meteo Monte Bianco","og_description":"desideri le previsioni meteo per il massiccio del Monte Bianco o per un altro massiccio\/settore contattaci","og_url":"https:\/\/meteo-montblanc.com\/it\/contatto\/","og_site_name":"Meteo Mont-Blanc","article_publisher":"https:\/\/www.facebook.com\/ClimAlpes","article_modified_time":"2024-05-27T08:36:23+00:00","twitter_card":"summary_large_image","schema":{"@context":"https:\/\/schema.org","@graph":[{"@type":"WebPage","@id":"https:\/\/meteo-montblanc.com\/it\/contatto\/","url":"https:\/\/meteo-montblanc.com\/it\/contatto\/","name":"Contatto previsioni meteo Monte Bianco","isPartOf":{"@id":"https:\/\/meteo-montblanc.com\/it\/#website"},"datePublished":"2023-12-15T09:00:24+00:00","dateModified":"2024-05-27T08:36:23+00:00","description":"desideri le previsioni meteo per il massiccio del Monte Bianco o per un altro massiccio\/settore contattaci","breadcrumb":{"@id":"https:\/\/meteo-montblanc.com\/it\/contatto\/#breadcrumb"},"inLanguage":"it-IT","potentialAction":[{"@type":"ReadAction","target":["https:\/\/meteo-montblanc.com\/it\/contatto\/"]}]},{"@type":"BreadcrumbList","@id":"https:\/\/meteo-montblanc.com\/it\/contatto\/#breadcrumb","itemListElement":[{"@type":"ListItem","position":1,"name":"Accueil","item":"https:\/\/meteo-montblanc.com\/it\/casa\/"},{"@type":"ListItem","position":2,"name":"Contatto"}]},{"@type":"WebSite","@id":"https:\/\/meteo-montblanc.com\/it\/#website","url":"https:\/\/meteo-montblanc.com\/it\/","name":"Meteo Mont-Blanc","description":"Pr\u00e9visions m\u00e9t\u00e9o Mont-Blanc","publisher":{"@id":"https:\/\/meteo-montblanc.com\/it\/#organization"},"potentialAction":[{"@type":"SearchAction","target":{"@type":"EntryPoint","urlTemplate":"https:\/\/meteo-montblanc.com\/it\/?s={search_term_string}"},"query-input":{"@type":"PropertyValueSpecification","valueRequired":true,"valueName":"search_term_string"}}],"inLanguage":"it-IT"},{"@type":"Organization","@id":"https:\/\/meteo-montblanc.com\/it\/#organization","name":"Meteo Mont-Blanc","url":"https:\/\/meteo-montblanc.com\/it\/","logo":{"@type":"ImageObject","inLanguage":"it-IT","@id":"https:\/\/meteo-montblanc.com\/it\/#\/schema\/logo\/image\/","url":"https:\/\/meteo-montblanc.com\/wp-content\/uploads\/2023\/12\/Logo.jpg","contentUrl":"https:\/\/meteo-montblanc.com\/wp-content\/uploads\/2023\/12\/Logo.jpg","width":450,"height":150,"caption":"Meteo Mont-Blanc"},"image":{"@id":"https:\/\/meteo-montblanc.com\/it\/#\/schema\/logo\/image\/"},"sameAs":["https:\/\/www.facebook.com\/ClimAlpes"]}]}},"_links":{"self":[{"href":"https:\/\/meteo-montblanc.com\/it\/wp-json\/wp\/v2\/pages\/1137","targetHints":{"allow":["GET"]}}],"collection":[{"href":"https:\/\/meteo-montblanc.com\/it\/wp-json\/wp\/v2\/pages"}],"about":[{"href":"https:\/\/meteo-montblanc.com\/it\/wp-json\/wp\/v2\/types\/page"}],"author":[{"embeddable":true,"href":"https:\/\/meteo-montblanc.com\/it\/wp-json\/wp\/v2\/users\/2"}],"replies":[{"embeddable":true,"href":"https:\/\/meteo-montblanc.com\/it\/wp-json\/wp\/v2\/comments?post=1137"}],"version-history":[{"count":1,"href":"https:\/\/meteo-montblanc.com\/it\/wp-json\/wp\/v2\/pages\/1137\/revisions"}],"predecessor-version":[{"id":1138,"href":"https:\/\/meteo-montblanc.com\/it\/wp-json\/wp\/v2\/pages\/1137\/revisions\/1138"}],"wp:attachment":[{"href":"https:\/\/meteo-montblanc.com\/it\/wp-json\/wp\/v2\/media?parent=1137"}],"curies":[{"name":"wp","href":"https:\/\/api.w.org\/{rel}","templated":true}]}}